{"id":2086,"date":"2023-09-29T09:53:01","date_gmt":"2023-09-29T09:53:01","guid":{"rendered":"https:\/\/lvl.pt\/site\/?page_id=2086"},"modified":"2023-09-29T09:59:04","modified_gmt":"2023-09-29T09:59:04","slug":"projeto-financiado","status":"publish","type":"page","link":"https:\/\/lvl.pt\/site\/projeto-financiado\/","title":{"rendered":"Projeto Financiado"},"content":{"rendered":"\t\t<div data-elementor-type=\"wp-page\" data-elementor-id=\"2086\" class=\"elementor elementor-2086\">\n\t\t\t\t\t\t\t\t\t<section class=\"elementor-section elementor-top-section elementor-element elementor-element-6d8d7e1b elementor-section-boxed elementor-section-height-default elementor-section-height-default\" data-id=\"6d8d7e1b\" data-element_type=\"section\">\n\t\t\t\t\t\t<div class=\"elementor-container elementor-column-gap-default\">\n\t\t\t\t\t<div class=\"elementor-column elementor-col-100 elementor-top-column elementor-element elementor-element-71b09063\" data-id=\"71b09063\" data-element_type=\"column\">\n\t\t\t<div class=\"elementor-widget-wrap elementor-element-populated\">\n\t\t\t\t\t\t\t\t<div class=\"elementor-element elementor-element-4eaa683b elementor-widget elementor-widget-text-editor\" data-id=\"4eaa683b\" data-element_type=\"widget\" data-widget_type=\"text-editor.default\">\n\t\t\t\t<div class=\"elementor-widget-container\">\n\t\t\t<style>\/*! elementor - v3.14.0 - 18-06-2023 *\/\n.elementor-widget-text-editor.elementor-drop-cap-view-stacked .elementor-drop-cap{background-color:#69727d;color:#fff}.elementor-widget-text-editor.elementor-drop-cap-view-framed .elementor-drop-cap{color:#69727d;border:3px solid;background-color:transparent}.elementor-widget-text-editor:not(.elementor-drop-cap-view-default) .elementor-drop-cap{margin-top:8px}.elementor-widget-text-editor:not(.elementor-drop-cap-view-default) .elementor-drop-cap-letter{width:1em;height:1em}.elementor-widget-text-editor .elementor-drop-cap{float:left;text-align:center;line-height:1;font-size:50px}.elementor-widget-text-editor .elementor-drop-cap-letter{display:inline-block}<\/style>\t\t\t\t<!-- wp:image {\"id\":1955,\"sizeSlug\":\"large\",\"linkDestination\":\"none\"} -->\n<figure class=\"wp-block-image size-large\"><img loading=\"lazy\" decoding=\"async\" width=\"1024\" height=\"103\" src=\"https:\/\/lvl.pt\/site\/wp-content\/uploads\/2023\/06\/footer-1-1024x103.png\" alt=\"\" class=\"wp-image-1955\" srcset=\"https:\/\/lvl.pt\/site\/wp-content\/uploads\/2023\/06\/footer-1-1024x103.png 1024w, https:\/\/lvl.pt\/site\/wp-content\/uploads\/2023\/06\/footer-1-300x30.png 300w, https:\/\/lvl.pt\/site\/wp-content\/uploads\/2023\/06\/footer-1-768x77.png 768w, https:\/\/lvl.pt\/site\/wp-content\/uploads\/2023\/06\/footer-1.png 1200w\" sizes=\"auto, (max-width: 1024px) 100vw, 1024px\" \/><\/figure>\n<!-- \/wp:image -->\n\n<!-- wp:paragraph -->\n<p><strong>Designa\u00e7\u00e3o do projeto<\/strong> : Expans\u00e3o e digitaliza\u00e7\u00e3o da L.V.L. SERVI\u00c7OS T\u00caXTEIS<br><strong>C\u00f3digo do projeto<\/strong> : NORTE-06-38D7-FEDER-001716<\/p>\n<!-- \/wp:paragraph -->\n\n<!-- wp:paragraph -->\n<p><strong>Objetivo principal<\/strong> :  Promover a sustentabilidade e a qualidade do emprego e apoiar a mobilidade dos trabalhadores<\/p>\n<!-- \/wp:paragraph -->\n\n<!-- wp:paragraph -->\n<p><strong>Regi\u00e3o de interven\u00e7\u00e3o<\/strong> : Norte<\/p>\n<!-- \/wp:paragraph -->\n\n<!-- wp:paragraph -->\n<p><strong>Entidade benefici\u00e1ria<\/strong> : L.V.L SERVI\u00c7OS T\u00caXTEIS, UNIPESSOAL LDA<\/p>\n<!-- \/wp:paragraph -->\n\n<!-- wp:paragraph -->\n<p><strong>Data de aprova\u00e7\u00e3o <\/strong>: 19-05-2022<\/p>\n<!-- \/wp:paragraph -->\n\n<!-- wp:paragraph -->\n<p><strong>Data de in\u00edcio<\/strong> : 01-06-2022<br><strong>Data de conclus\u00e3o<\/strong> : 30-06-2023<\/p>\n<!-- \/wp:paragraph -->\n\n<!-- wp:paragraph -->\n<p><strong>Custo total eleg\u00edvel<\/strong> : 114.040,00\u20ac<\/p>\n<!-- \/wp:paragraph -->\n\n<!-- wp:paragraph -->\n<p><strong>Apoio financeiro da Uni\u00e3o Europeia<\/strong> : <strong>FEDER<\/strong> \u2013 51.318,00\u20ac<\/p>\n<!-- \/wp:paragraph -->\n\n<!-- wp:paragraph -->\n<p>O projeto tem como objetivo expandir a atividade da empresa, para que se criem as condi\u00e7\u00f5es necess\u00e1rias para incrementar o n\u00edvel de notoriedade no mercado.<\/p>\n<!-- \/wp:paragraph -->\n\n<!-- wp:paragraph -->\n<p><strong>Objetivos espec\u00edficos:<\/strong><\/p>\n<!-- \/wp:paragraph -->\n\n<!-- wp:paragraph -->\n<p>-Dotar a \u00e1rea produtiva de equipamentos essenciais para incrementar a tecnicidade do produto (pe\u00e7as confecionadas a 100% com recurso \u00e0 termocolagem);<\/p>\n<!-- \/wp:paragraph -->\n\n<!-- wp:paragraph -->\n<p>-Incrementar a capacidade de resposta;<\/p>\n<!-- \/wp:paragraph -->\n\n<!-- wp:paragraph -->\n<p>-Estimular a capacidade de inova\u00e7\u00e3o;<\/p>\n<!-- \/wp:paragraph -->\n\n<!-- wp:paragraph -->\n<p>-Garantir uma forte e profissionalizada presen\u00e7a digital, promovendo a transi\u00e7\u00e3o digital do neg\u00f3cio;<\/p>\n<!-- \/wp:paragraph -->\n\n<!-- wp:paragraph -->\n<p>-Desenvolver os canais de comunica\u00e7\u00e3o e venda;<\/p>\n<!-- \/wp:paragraph -->\n\n<!-- wp:paragraph -->\n<p>-Promover o reconhecimento da empresa em mat\u00e9ria de qualidade e sustentabilidade (atrav\u00e9s de certifica\u00e7\u00f5es);<\/p>\n<!-- \/wp:paragraph -->\n\n<!-- wp:paragraph -->\n<p>-Contribuir para os objetivos do PDCT.<\/p>\n<!-- \/wp:paragraph -->\n\n<!-- wp:paragraph -->\n<p><\/p>\n<!-- \/wp:paragraph -->\t\t\t\t\t\t<\/div>\n\t\t\t\t<\/div>\n\t\t\t\t\t<\/div>\n\t\t<\/div>\n\t\t\t\t\t\t\t<\/div>\n\t\t<\/section>\n\t\t\t\t<section class=\"elementor-section elementor-top-section elementor-element elementor-element-751e32c elementor-section-boxed elementor-section-height-default elementor-section-height-default\" data-id=\"751e32c\" data-element_type=\"section\">\n\t\t\t\t\t\t<div class=\"elementor-container elementor-column-gap-default\">\n\t\t\t\t\t<div class=\"elementor-column elementor-col-100 elementor-top-column elementor-element elementor-element-6ac0e0e\" data-id=\"6ac0e0e\" data-element_type=\"column\">\n\t\t\t<div class=\"elementor-widget-wrap elementor-element-populated\">\n\t\t\t\t\t\t\t\t<div class=\"elementor-element elementor-element-aff27ae elementor-invisible elementor-widget elementor-widget-button\" data-id=\"aff27ae\" data-element_type=\"widget\" data-settings=\"{&quot;_animation&quot;:&quot;fadeIn&quot;}\" data-widget_type=\"button.default\">\n\t\t\t\t<div class=\"elementor-widget-container\">\n\t\t\t\t\t<div class=\"elementor-button-wrapper\">\n\t\t\t<a class=\"elementor-button elementor-button-link elementor-size-sm\" href=\"http:\/\/www.lvl.pt\/ficha_projeto.pdf\" target=\"_blank\">\n\t\t\t\t\t\t<span class=\"elementor-button-content-wrapper\">\n\t\t\t\t\t\t<span class=\"elementor-button-text\">Ficha do Projeto<\/span>\n\t\t<\/span>\n\t\t\t\t\t<\/a>\n\t\t<\/div>\n\t\t\t\t<\/div>\n\t\t\t\t<\/div>\n\t\t\t\t\t<\/div>\n\t\t<\/div>\n\t\t\t\t\t\t\t<\/div>\n\t\t<\/section>\n\t\t\t\t\t\t\t<\/div>\n\t\t","protected":false},"excerpt":{"rendered":"<p>Designa\u00e7\u00e3o do projeto : Expans\u00e3o e digitaliza\u00e7\u00e3o da L.V.L. SERVI\u00c7OS T\u00caXTEISC\u00f3digo do projeto : NORTE-06-38D7-FEDER-001716 Objetivo principal : Promover a sustentabilidade e a qualidade do emprego e apoiar a mobilidade dos trabalhadores Regi\u00e3o de interven\u00e7\u00e3o : Norte Entidade benefici\u00e1ria : L.V.L SERVI\u00c7OS T\u00caXTEIS, UNIPESSOAL LDA Data de aprova\u00e7\u00e3o : 19-05-2022 Data de in\u00edcio : 01-06-2022Data &hellip;<\/p>\n<p class=\"read-more\"> <a class=\"\" href=\"https:\/\/lvl.pt\/site\/projeto-financiado\/\"> <span class=\"screen-reader-text\">Projeto Financiado<\/span> Read More &raquo;<\/a><\/p>\n","protected":false},"author":1,"featured_media":0,"parent":0,"menu_order":0,"comment_status":"closed","ping_status":"closed","template":"","meta":{"site-sidebar-layout":"default","site-content-layout":"default","ast-global-header-display":"","ast-banner-title-visibility":"","ast-main-header-display":"","ast-hfb-above-header-display":"","ast-hfb-below-header-display":"","ast-hfb-mobile-header-display":"","site-post-title":"","ast-breadcrumbs-content":"","ast-featured-img":"","footer-sml-layout":"","theme-transparent-header-meta":"","adv-header-id-meta":"","stick-header-meta":"","header-above-stick-meta":"","header-main-stick-meta":"","header-below-stick-meta":"","footnotes":""},"class_list":["post-2086","page","type-page","status-publish","hentry"],"_links":{"self":[{"href":"https:\/\/lvl.pt\/site\/wp-json\/wp\/v2\/pages\/2086","targetHints":{"allow":["GET"]}}],"collection":[{"href":"https:\/\/lvl.pt\/site\/wp-json\/wp\/v2\/pages"}],"about":[{"href":"https:\/\/lvl.pt\/site\/wp-json\/wp\/v2\/types\/page"}],"author":[{"embeddable":true,"href":"https:\/\/lvl.pt\/site\/wp-json\/wp\/v2\/users\/1"}],"replies":[{"embeddable":true,"href":"https:\/\/lvl.pt\/site\/wp-json\/wp\/v2\/comments?post=2086"}],"version-history":[{"count":7,"href":"https:\/\/lvl.pt\/site\/wp-json\/wp\/v2\/pages\/2086\/revisions"}],"predecessor-version":[{"id":2093,"href":"https:\/\/lvl.pt\/site\/wp-json\/wp\/v2\/pages\/2086\/revisions\/2093"}],"wp:attachment":[{"href":"https:\/\/lvl.pt\/site\/wp-json\/wp\/v2\/media?parent=2086"}],"curies":[{"name":"wp","href":"https:\/\/api.w.org\/{rel}","templated":true}]}}